{"id":235,"date":"2013-06-09T18:18:45","date_gmt":"2013-06-09T18:18:45","guid":{"rendered":"http:\/\/xn--stmarkail-k8a.no\/?page_id=235"},"modified":"2026-02-09T18:37:49","modified_gmt":"2026-02-09T17:37:49","slug":"arsrapporter","status":"publish","type":"page","link":"https:\/\/www.xn--stmarkail-k8a.no\/?page_id=235","title":{"rendered":"\u00c5rsrapporter"},"content":{"rendered":"\n<p><a href=\"https:\/\/www.xn--stmarkail-k8a.no\/wp-content\/uploads\/2026\/02\/Arsmelding-2025.pdf\" data-type=\"URL\" data-id=\"https:\/\/www.xn--stmarkail-k8a.no\/wp-content\/uploads\/2025\/08\/Arsmelding-2024.pdf\">\u00c5rsmelding 2025<\/a><\/p>\n\n\n\n<p><a href=\"https:\/\/www.xn--stmarkail-k8a.no\/wp-content\/uploads\/2025\/08\/Arsmelding-2024.pdf\" data-type=\"URL\" data-id=\"https:\/\/www.xn--stmarkail-k8a.no\/wp-content\/uploads\/2025\/08\/Arsmelding-2024.pdf\">\u00c5rsmelding 2024<\/a><\/p>\n\n\n\n<p><a href=\"https:\/\/www.xn--stmarkail-k8a.no\/wp-content\/uploads\/2024\/03\/ARSMELDING-FOR-OSTMARKA-IL-2023.pdf\" data-type=\"URL\" data-id=\"https:\/\/www.xn--stmarkail-k8a.no\/wp-content\/uploads\/2024\/03\/ARSMELDING-FOR-OSTMARKA-IL-2023.pdf\">\u00c5rsmelding 2023<\/a><br><br><a href=\"https:\/\/www.xn--stmarkail-k8a.no\/wp-content\/uploads\/2023\/10\/Arsmelding-2022.pdf\" data-type=\"URL\" data-id=\"https:\/\/www.xn--stmarkail-k8a.no\/wp-content\/uploads\/2023\/10\/Arsmelding-2022.pdf\">\u00c5rsmelding 2022<\/a><\/p>\n\n\n\n<p><a href=\"https:\/\/www.xn--stmarkail-k8a.no\/wp-content\/uploads\/2023\/01\/Arsmelding-2021-1.pdf\" data-type=\"URL\" data-id=\"https:\/\/www.xn--stmarkail-k8a.no\/wp-content\/uploads\/2023\/01\/Arsmelding-2021-1.pdf\">\u00c5rsmelding 2021<\/a><\/p>\n\n\n\n<p><a href=\"https:\/\/www.xn--stmarkail-k8a.no\/wp-content\/uploads\/2021\/11\/oeil_aam_2020.pdf\">\u00c5rsmelding 2020<\/a><\/p>\n\n\n\n<p><a href=\"https:\/\/www.xn--stmarkail-k8a.no\/wp-content\/uploads\/2021\/11\/oeil_aam_2019.pdf\">\u00c5rsmelding 2019<\/a><\/p>\n\n\n\n<p><a href=\"https:\/\/www.xn--stmarkail-k8a.no\/wp-content\/uploads\/2019\/05\/\u00c5rsmelding-for-\u00d8stmarka-IL-2018.pdf\">\u00c5rsmelding 2018<\/a><\/p>\n\n\n\n<p><a href=\"https:\/\/www.xn--stmarkail-k8a.no\/wp-content\/uploads\/2019\/05\/\u00c5rsmelding-for-\u00d8stmarka-IL-2017.pdf\">\u00c5rsmelding 2017<\/a><\/p>\n\n\n\n<p><a href=\"https:\/\/www.xn--stmarkail-k8a.no\/wp-content\/uploads\/2019\/05\/\u00c5rsmelding-for-\u00d8stmarka-IL-2016.pdf\">\u00c5rsmelding 2016<\/a><\/p>\n\n\n\n<p><a href=\"https:\/\/www.xn--stmarkail-k8a.no\/wp-content\/uploads\/2019\/05\/\u00c5RSMELDING-FOR-\u00d8STMARKA-IL-2015-N.pdf\">\u00c5rsmelding 2015<\/a><\/p>\n\n\n\n<p><a href=\"https:\/\/www.xn--stmarkail-k8a.no\/wp-content\/uploads\/2013\/06\/\u00c5RSMELDING-FOR-\u00d8STMARKA-IL-2014.pdf\">\u00c5rsmelding 2014<\/a><\/p>\n\n\n\n<p><a href=\"https:\/\/www.xn--stmarkail-k8a.no\/wp-content\/uploads\/2013\/06\/\u00c5RSMELDING-FOR-\u00d8STMARKA-IL-2013-2014.pdf\">\u00c5rsmelding 2013<\/a><\/p>\n\n\n\n<p><a href=\"https:\/\/www.xn--stmarkail-k8a.no\/wp-content\/uploads\/2013\/06\/\u00c5RSBERETNING-2012.pdf\">\u00c5rsmelding 2012<\/a><\/p>\n\n\n\n<p><a href=\"https:\/\/www.xn--stmarkail-k8a.no\/wp-content\/uploads\/2013\/06\/\u00c5RSMELDING-FOR-\u00d8STMARKA-IL-2011-2.pdf\">\u00c5rsmelding 2011<\/a><\/p>\n\n\n\n<p><a href=\"https:\/\/www.xn--stmarkail-k8a.no\/wp-content\/uploads\/2013\/06\/\u00c5RSMELDING-FOR-\u00d8STMARKA-IL-2010.pdf\">\u00c5rsmelding 2010<\/a><\/p>\n\n\n\n<p><a href=\"https:\/\/www.xn--stmarkail-k8a.no\/wp-content\/uploads\/2013\/06\/\u00c5rsmelding_2009.pdf\">\u00c5rsmelding 2009<\/a><\/p>\n\n\n\n<p><a href=\"https:\/\/www.xn--stmarkail-k8a.no\/wp-content\/uploads\/2013\/06\/\u00c5RSMELDING_FOR_\u00d8STMARKA_IL_2008.pdf\">\u00c5rsmelding 2008<\/a><\/p>\n\n\n\n<p><a href=\"https:\/\/www.xn--stmarkail-k8a.no\/wp-content\/uploads\/2013\/06\/\u00c5rsrapport_2007.pdf\">\u00c5rsmelding 2007<\/a><\/p>\n\n\n\n<p><a href=\"https:\/\/www.xn--stmarkail-k8a.no\/wp-content\/uploads\/2013\/06\/\u00c5rsrapport_2006.pdf\">\u00c5rsmelding 2006<\/a><\/p>\n\n\n\n<p><a href=\"https:\/\/www.xn--stmarkail-k8a.no\/wp-content\/uploads\/2013\/06\/\u00c5rsrapport_2005.pdf\">\u00c5rsmelding 2005<\/a><\/p>\n\n\n\n<p><a href=\"https:\/\/www.xn--stmarkail-k8a.no\/wp-content\/uploads\/2013\/06\/\u00c5rsrapport_2004.pdf\">\u00c5rsmelding 2004<\/a><\/p>\n\n\n\n<p><a href=\"https:\/\/www.xn--stmarkail-k8a.no\/wp-content\/uploads\/2013\/06\/\u00c5rsmelding_2002.pdf\">\u00c5rsmelding 2002<\/a><\/p>\n\n\n\n<p><a href=\"https:\/\/www.xn--stmarkail-k8a.no\/wp-content\/uploads\/2013\/06\/\u00c5rsrapport_2001.pdf\">\u00c5rsmelding 2001<\/a><\/p>\n\n\n\n<p><a href=\"https:\/\/www.xn--stmarkail-k8a.no\/wp-content\/uploads\/2013\/06\/\u00c5rsmelding_2000.pdf\">\u00c5rsmelding 2000<\/a><\/p>\n\n\n\n<p><a href=\"https:\/\/www.xn--stmarkail-k8a.no\/wp-content\/uploads\/2013\/06\/\u00c5rsmelding_1999_N3_1.pdf\">\u00c5rsmelding 1999<\/a><\/p>\n\n\n\n<p><a href=\"https:\/\/www.xn--stmarkail-k8a.no\/wp-content\/uploads\/2013\/06\/\u00c5rsmelding_19981.pdf\">\u00c5rsmelding 1998<\/a><\/p>\n\n\n\n<p><a href=\"https:\/\/www.xn--stmarkail-k8a.no\/wp-content\/uploads\/2013\/06\/\u00c5rsmelding_19971.pdf\">\u00c5rsmelding 1997<\/a><\/p>\n\n\n\n<p><a href=\"https:\/\/www.xn--stmarkail-k8a.no\/wp-content\/uploads\/2013\/06\/\u00c5rsmelding_19961.pdf\">\u00c5rsmelding 1996<\/a><\/p>\n\n\n\n<p class=\"has-text-align-left\"><a href=\"https:\/\/www.xn--stmarkail-k8a.no\/wp-content\/uploads\/2013\/06\/\u00c5rsmelding_19951.pdf\">\u00c5rsmelding 1995<\/a><\/p>\n","protected":false},"excerpt":{"rendered":"<p>\u00c5rsmelding 2025 \u00c5rsmelding 2024 \u00c5rsmelding 2023 \u00c5rsmelding 2022 \u00c5rsmelding 2021 \u00c5rsmelding 2020 \u00c5rsmelding 2019 \u00c5rsmelding 2018 \u00c5rsmelding 2017 \u00c5rsmelding 2016 \u00c5rsmelding 2015 \u00c5rsmelding 2014 \u00c5rsmelding 2013 \u00c5rsmelding 2012 \u00c5rsmelding 2011 \u00c5rsmelding 2010 \u00c5rsmelding 2009 \u00c5rsmelding 2008 \u00c5rsmelding 2007 \u00c5rsmelding 2006 \u00c5rsmelding 2005 \u00c5rsmelding 2004 \u00c5rsmelding 2002 \u00c5rsmelding 2001 \u00c5rsmelding 2000 \u00c5rsmelding 1999 \u00c5rsmelding 1998 \u00c5rsmelding 1997 \u00c5rsmelding 1996 \u00c5rsmelding 1995<\/p>\n","protected":false},"author":1,"featured_media":0,"parent":10,"menu_order":5,"comment_status":"open","ping_status":"open","template":"template-fullwidth.php","meta":{"footnotes":""},"class_list":["post-235","page","type-page","status-publish","hentry"],"yoast_head":"<!-- This site is optimized with the Yoast SEO plugin v27.5 - https:\/\/yoast.com\/product\/yoast-seo-wordpress\/ -->\n<title>\u00c5rsrapporter - \u00d8stmarka IL<\/title>\n<meta name=\"robots\" content=\"index, follow, max-snippet:-1, max-image-preview:large, max-video-preview:-1\" \/>\n<link rel=\"canonical\" href=\"https:\/\/www.xn--stmarkail-k8a.no\/?page_id=235\" \/>\n<meta property=\"og:locale\" content=\"nb_NO\" \/>\n<meta property=\"og:type\" content=\"article\" \/>\n<meta property=\"og:title\" content=\"\u00c5rsrapporter - \u00d8stmarka IL\" \/>\n<meta property=\"og:description\" content=\"\u00c5rsmelding 2025 \u00c5rsmelding 2024 \u00c5rsmelding 2023 \u00c5rsmelding 2022 \u00c5rsmelding 2021 \u00c5rsmelding 2020 \u00c5rsmelding 2019 \u00c5rsmelding 2018 \u00c5rsmelding 2017 \u00c5rsmelding 2016 \u00c5rsmelding 2015 \u00c5rsmelding 2014 \u00c5rsmelding 2013 \u00c5rsmelding 2012 \u00c5rsmelding 2011 \u00c5rsmelding 2010 \u00c5rsmelding 2009 \u00c5rsmelding 2008 \u00c5rsmelding 2007 \u00c5rsmelding 2006 \u00c5rsmelding 2005 \u00c5rsmelding 2004 \u00c5rsmelding 2002 \u00c5rsmelding 2001 \u00c5rsmelding 2000 \u00c5rsmelding 1999 \u00c5rsmelding 1998 \u00c5rsmelding 1997 \u00c5rsmelding 1996 \u00c5rsmelding 1995\" \/>\n<meta property=\"og:url\" content=\"https:\/\/www.xn--stmarkail-k8a.no\/?page_id=235\" \/>\n<meta property=\"og:site_name\" content=\"\u00d8stmarka IL\" \/>\n<meta property=\"article:modified_time\" content=\"2026-02-09T17:37:49+00:00\" \/>\n<meta name=\"twitter:card\" content=\"summary_large_image\" \/>\n<script type=\"application\/ld+json\" class=\"yoast-schema-graph\">{\"@context\":\"https:\\\/\\\/schema.org\",\"@graph\":[{\"@type\":\"WebPage\",\"@id\":\"https:\\\/\\\/www.xn--stmarkail-k8a.no\\\/?page_id=235\",\"url\":\"https:\\\/\\\/www.xn--stmarkail-k8a.no\\\/?page_id=235\",\"name\":\"\u00c5rsrapporter - \u00d8stmarka IL\",\"isPartOf\":{\"@id\":\"https:\\\/\\\/www.xn--stmarkail-k8a.no\\\/#website\"},\"datePublished\":\"2013-06-09T18:18:45+00:00\",\"dateModified\":\"2026-02-09T17:37:49+00:00\",\"breadcrumb\":{\"@id\":\"https:\\\/\\\/www.xn--stmarkail-k8a.no\\\/?page_id=235#breadcrumb\"},\"inLanguage\":\"nb-NO\",\"potentialAction\":[{\"@type\":\"ReadAction\",\"target\":[\"https:\\\/\\\/www.xn--stmarkail-k8a.no\\\/?page_id=235\"]}]},{\"@type\":\"BreadcrumbList\",\"@id\":\"https:\\\/\\\/www.xn--stmarkail-k8a.no\\\/?page_id=235#breadcrumb\",\"itemListElement\":[{\"@type\":\"ListItem\",\"position\":1,\"name\":\"Hjem\",\"item\":\"https:\\\/\\\/www.xn--stmarkail-k8a.no\\\/\"},{\"@type\":\"ListItem\",\"position\":2,\"name\":\"Om \u00d8stmarka IL\",\"item\":\"https:\\\/\\\/www.xn--stmarkail-k8a.no\\\/?page_id=10\"},{\"@type\":\"ListItem\",\"position\":3,\"name\":\"\u00c5rsrapporter\"}]},{\"@type\":\"WebSite\",\"@id\":\"https:\\\/\\\/www.xn--stmarkail-k8a.no\\\/#website\",\"url\":\"https:\\\/\\\/www.xn--stmarkail-k8a.no\\\/\",\"name\":\"\u00d8stmarka IL\",\"description\":\"\",\"potentialAction\":[{\"@type\":\"SearchAction\",\"target\":{\"@type\":\"EntryPoint\",\"urlTemplate\":\"https:\\\/\\\/www.xn--stmarkail-k8a.no\\\/?s={search_term_string}\"},\"query-input\":{\"@type\":\"PropertyValueSpecification\",\"valueRequired\":true,\"valueName\":\"search_term_string\"}}],\"inLanguage\":\"nb-NO\"}]}<\/script>\n<!-- \/ Yoast SEO plugin. -->","yoast_head_json":{"title":"\u00c5rsrapporter - \u00d8stmarka IL","robots":{"index":"index","follow":"follow","max-snippet":"max-snippet:-1","max-image-preview":"max-image-preview:large","max-video-preview":"max-video-preview:-1"},"canonical":"https:\/\/www.xn--stmarkail-k8a.no\/?page_id=235","og_locale":"nb_NO","og_type":"article","og_title":"\u00c5rsrapporter - \u00d8stmarka IL","og_description":"\u00c5rsmelding 2025 \u00c5rsmelding 2024 \u00c5rsmelding 2023 \u00c5rsmelding 2022 \u00c5rsmelding 2021 \u00c5rsmelding 2020 \u00c5rsmelding 2019 \u00c5rsmelding 2018 \u00c5rsmelding 2017 \u00c5rsmelding 2016 \u00c5rsmelding 2015 \u00c5rsmelding 2014 \u00c5rsmelding 2013 \u00c5rsmelding 2012 \u00c5rsmelding 2011 \u00c5rsmelding 2010 \u00c5rsmelding 2009 \u00c5rsmelding 2008 \u00c5rsmelding 2007 \u00c5rsmelding 2006 \u00c5rsmelding 2005 \u00c5rsmelding 2004 \u00c5rsmelding 2002 \u00c5rsmelding 2001 \u00c5rsmelding 2000 \u00c5rsmelding 1999 \u00c5rsmelding 1998 \u00c5rsmelding 1997 \u00c5rsmelding 1996 \u00c5rsmelding 1995","og_url":"https:\/\/www.xn--stmarkail-k8a.no\/?page_id=235","og_site_name":"\u00d8stmarka IL","article_modified_time":"2026-02-09T17:37:49+00:00","twitter_card":"summary_large_image","schema":{"@context":"https:\/\/schema.org","@graph":[{"@type":"WebPage","@id":"https:\/\/www.xn--stmarkail-k8a.no\/?page_id=235","url":"https:\/\/www.xn--stmarkail-k8a.no\/?page_id=235","name":"\u00c5rsrapporter - \u00d8stmarka IL","isPartOf":{"@id":"https:\/\/www.xn--stmarkail-k8a.no\/#website"},"datePublished":"2013-06-09T18:18:45+00:00","dateModified":"2026-02-09T17:37:49+00:00","breadcrumb":{"@id":"https:\/\/www.xn--stmarkail-k8a.no\/?page_id=235#breadcrumb"},"inLanguage":"nb-NO","potentialAction":[{"@type":"ReadAction","target":["https:\/\/www.xn--stmarkail-k8a.no\/?page_id=235"]}]},{"@type":"BreadcrumbList","@id":"https:\/\/www.xn--stmarkail-k8a.no\/?page_id=235#breadcrumb","itemListElement":[{"@type":"ListItem","position":1,"name":"Hjem","item":"https:\/\/www.xn--stmarkail-k8a.no\/"},{"@type":"ListItem","position":2,"name":"Om \u00d8stmarka IL","item":"https:\/\/www.xn--stmarkail-k8a.no\/?page_id=10"},{"@type":"ListItem","position":3,"name":"\u00c5rsrapporter"}]},{"@type":"WebSite","@id":"https:\/\/www.xn--stmarkail-k8a.no\/#website","url":"https:\/\/www.xn--stmarkail-k8a.no\/","name":"\u00d8stmarka IL","description":"","potentialAction":[{"@type":"SearchAction","target":{"@type":"EntryPoint","urlTemplate":"https:\/\/www.xn--stmarkail-k8a.no\/?s={search_term_string}"},"query-input":{"@type":"PropertyValueSpecification","valueRequired":true,"valueName":"search_term_string"}}],"inLanguage":"nb-NO"}]}},"_links":{"self":[{"href":"https:\/\/www.xn--stmarkail-k8a.no\/index.php?rest_route=\/wp\/v2\/pages\/235","targetHints":{"allow":["GET"]}}],"collection":[{"href":"https:\/\/www.xn--stmarkail-k8a.no\/index.php?rest_route=\/wp\/v2\/pages"}],"about":[{"href":"https:\/\/www.xn--stmarkail-k8a.no\/index.php?rest_route=\/wp\/v2\/types\/page"}],"author":[{"embeddable":true,"href":"https:\/\/www.xn--stmarkail-k8a.no\/index.php?rest_route=\/wp\/v2\/users\/1"}],"replies":[{"embeddable":true,"href":"https:\/\/www.xn--stmarkail-k8a.no\/index.php?rest_route=%2Fwp%2Fv2%2Fcomments&post=235"}],"version-history":[{"count":30,"href":"https:\/\/www.xn--stmarkail-k8a.no\/index.php?rest_route=\/wp\/v2\/pages\/235\/revisions"}],"predecessor-version":[{"id":665,"href":"https:\/\/www.xn--stmarkail-k8a.no\/index.php?rest_route=\/wp\/v2\/pages\/235\/revisions\/665"}],"up":[{"embeddable":true,"href":"https:\/\/www.xn--stmarkail-k8a.no\/index.php?rest_route=\/wp\/v2\/pages\/10"}],"wp:attachment":[{"href":"https:\/\/www.xn--stmarkail-k8a.no\/index.php?rest_route=%2Fwp%2Fv2%2Fmedia&parent=235"}],"curies":[{"name":"wp","href":"https:\/\/api.w.org\/{rel}","templated":true}]}}