{"id":37,"date":"2013-05-07T07:00:33","date_gmt":"2013-05-07T07:00:33","guid":{"rendered":"http:\/\/xn--stmarkail-k8a.no\/?page_id=37"},"modified":"2024-11-29T18:35:46","modified_gmt":"2024-11-29T18:35:46","slug":"kontakt","status":"publish","type":"page","link":"https:\/\/www.xn--stmarkail-k8a.no\/?page_id=37","title":{"rendered":"Kontakt oss"},"content":{"rendered":"<p><strong>Adresse:<\/strong> Vidar B\u00f8e, Gamle Bj\u00f8rndals vei 4, 1476 Rasta<br \/>\n<strong>Bankkonto:<\/strong> 0530.34.95470<br \/>\n<strong>Telefon:<\/strong> 915 67 827<br \/>\n<strong>E-post:<\/strong> vb.frasparket@gmail.com<\/p>\n","protected":false},"excerpt":{"rendered":"<p>Adresse: Vidar B\u00f8e, Gamle Bj\u00f8rndals vei 4, 1476 Rasta Bankkonto: 0530.34.95470 Telefon: 915 67 827 E-post: vb.frasparket@gmail.com<\/p>\n","protected":false},"author":1,"featured_media":0,"parent":10,"menu_order":1,"comment_status":"closed","ping_status":"closed","template":"template-contact.php","meta":{"footnotes":""},"class_list":["post-37","page","type-page","status-publish","hentry"],"yoast_head":"<!-- This site is optimized with the Yoast SEO plugin v27.5 - https:\/\/yoast.com\/product\/yoast-seo-wordpress\/ -->\n<title>Kontakt oss - \u00d8stmarka IL<\/title>\n<meta name=\"robots\" content=\"index, follow, max-snippet:-1, max-image-preview:large, max-video-preview:-1\" \/>\n<link rel=\"canonical\" href=\"https:\/\/www.xn--stmarkail-k8a.no\/?page_id=37\" \/>\n<meta property=\"og:locale\" content=\"nb_NO\" \/>\n<meta property=\"og:type\" content=\"article\" \/>\n<meta property=\"og:title\" content=\"Kontakt oss - \u00d8stmarka IL\" \/>\n<meta property=\"og:description\" content=\"Adresse: Vidar B\u00f8e, Gamle Bj\u00f8rndals vei 4, 1476 Rasta Bankkonto: 0530.34.95470 Telefon: 915 67 827 E-post: vb.frasparket@gmail.com\" \/>\n<meta property=\"og:url\" content=\"https:\/\/www.xn--stmarkail-k8a.no\/?page_id=37\" \/>\n<meta property=\"og:site_name\" content=\"\u00d8stmarka IL\" \/>\n<meta property=\"article:modified_time\" content=\"2024-11-29T18:35:46+00:00\" \/>\n<meta name=\"twitter:card\" content=\"summary_large_image\" \/>\n<script type=\"application\/ld+json\" class=\"yoast-schema-graph\">{\"@context\":\"https:\\\/\\\/schema.org\",\"@graph\":[{\"@type\":\"WebPage\",\"@id\":\"https:\\\/\\\/www.xn--stmarkail-k8a.no\\\/?page_id=37\",\"url\":\"https:\\\/\\\/www.xn--stmarkail-k8a.no\\\/?page_id=37\",\"name\":\"Kontakt oss - \u00d8stmarka IL\",\"isPartOf\":{\"@id\":\"https:\\\/\\\/www.xn--stmarkail-k8a.no\\\/#website\"},\"datePublished\":\"2013-05-07T07:00:33+00:00\",\"dateModified\":\"2024-11-29T18:35:46+00:00\",\"breadcrumb\":{\"@id\":\"https:\\\/\\\/www.xn--stmarkail-k8a.no\\\/?page_id=37#breadcrumb\"},\"inLanguage\":\"nb-NO\",\"potentialAction\":[{\"@type\":\"ReadAction\",\"target\":[\"https:\\\/\\\/www.xn--stmarkail-k8a.no\\\/?page_id=37\"]}]},{\"@type\":\"BreadcrumbList\",\"@id\":\"https:\\\/\\\/www.xn--stmarkail-k8a.no\\\/?page_id=37#breadcrumb\",\"itemListElement\":[{\"@type\":\"ListItem\",\"position\":1,\"name\":\"Hjem\",\"item\":\"https:\\\/\\\/www.xn--stmarkail-k8a.no\\\/\"},{\"@type\":\"ListItem\",\"position\":2,\"name\":\"Om \u00d8stmarka IL\",\"item\":\"https:\\\/\\\/www.xn--stmarkail-k8a.no\\\/?page_id=10\"},{\"@type\":\"ListItem\",\"position\":3,\"name\":\"Kontakt oss\"}]},{\"@type\":\"WebSite\",\"@id\":\"https:\\\/\\\/www.xn--stmarkail-k8a.no\\\/#website\",\"url\":\"https:\\\/\\\/www.xn--stmarkail-k8a.no\\\/\",\"name\":\"\u00d8stmarka IL\",\"description\":\"\",\"potentialAction\":[{\"@type\":\"SearchAction\",\"target\":{\"@type\":\"EntryPoint\",\"urlTemplate\":\"https:\\\/\\\/www.xn--stmarkail-k8a.no\\\/?s={search_term_string}\"},\"query-input\":{\"@type\":\"PropertyValueSpecification\",\"valueRequired\":true,\"valueName\":\"search_term_string\"}}],\"inLanguage\":\"nb-NO\"}]}<\/script>\n<!-- \/ Yoast SEO plugin. -->","yoast_head_json":{"title":"Kontakt oss - \u00d8stmarka IL","robots":{"index":"index","follow":"follow","max-snippet":"max-snippet:-1","max-image-preview":"max-image-preview:large","max-video-preview":"max-video-preview:-1"},"canonical":"https:\/\/www.xn--stmarkail-k8a.no\/?page_id=37","og_locale":"nb_NO","og_type":"article","og_title":"Kontakt oss - \u00d8stmarka IL","og_description":"Adresse: Vidar B\u00f8e, Gamle Bj\u00f8rndals vei 4, 1476 Rasta Bankkonto: 0530.34.95470 Telefon: 915 67 827 E-post: vb.frasparket@gmail.com","og_url":"https:\/\/www.xn--stmarkail-k8a.no\/?page_id=37","og_site_name":"\u00d8stmarka IL","article_modified_time":"2024-11-29T18:35:46+00:00","twitter_card":"summary_large_image","schema":{"@context":"https:\/\/schema.org","@graph":[{"@type":"WebPage","@id":"https:\/\/www.xn--stmarkail-k8a.no\/?page_id=37","url":"https:\/\/www.xn--stmarkail-k8a.no\/?page_id=37","name":"Kontakt oss - \u00d8stmarka IL","isPartOf":{"@id":"https:\/\/www.xn--stmarkail-k8a.no\/#website"},"datePublished":"2013-05-07T07:00:33+00:00","dateModified":"2024-11-29T18:35:46+00:00","breadcrumb":{"@id":"https:\/\/www.xn--stmarkail-k8a.no\/?page_id=37#breadcrumb"},"inLanguage":"nb-NO","potentialAction":[{"@type":"ReadAction","target":["https:\/\/www.xn--stmarkail-k8a.no\/?page_id=37"]}]},{"@type":"BreadcrumbList","@id":"https:\/\/www.xn--stmarkail-k8a.no\/?page_id=37#breadcrumb","itemListElement":[{"@type":"ListItem","position":1,"name":"Hjem","item":"https:\/\/www.xn--stmarkail-k8a.no\/"},{"@type":"ListItem","position":2,"name":"Om \u00d8stmarka IL","item":"https:\/\/www.xn--stmarkail-k8a.no\/?page_id=10"},{"@type":"ListItem","position":3,"name":"Kontakt oss"}]},{"@type":"WebSite","@id":"https:\/\/www.xn--stmarkail-k8a.no\/#website","url":"https:\/\/www.xn--stmarkail-k8a.no\/","name":"\u00d8stmarka IL","description":"","potentialAction":[{"@type":"SearchAction","target":{"@type":"EntryPoint","urlTemplate":"https:\/\/www.xn--stmarkail-k8a.no\/?s={search_term_string}"},"query-input":{"@type":"PropertyValueSpecification","valueRequired":true,"valueName":"search_term_string"}}],"inLanguage":"nb-NO"}]}},"_links":{"self":[{"href":"https:\/\/www.xn--stmarkail-k8a.no\/index.php?rest_route=\/wp\/v2\/pages\/37","targetHints":{"allow":["GET"]}}],"collection":[{"href":"https:\/\/www.xn--stmarkail-k8a.no\/index.php?rest_route=\/wp\/v2\/pages"}],"about":[{"href":"https:\/\/www.xn--stmarkail-k8a.no\/index.php?rest_route=\/wp\/v2\/types\/page"}],"author":[{"embeddable":true,"href":"https:\/\/www.xn--stmarkail-k8a.no\/index.php?rest_route=\/wp\/v2\/users\/1"}],"replies":[{"embeddable":true,"href":"https:\/\/www.xn--stmarkail-k8a.no\/index.php?rest_route=%2Fwp%2Fv2%2Fcomments&post=37"}],"version-history":[{"count":6,"href":"https:\/\/www.xn--stmarkail-k8a.no\/index.php?rest_route=\/wp\/v2\/pages\/37\/revisions"}],"predecessor-version":[{"id":496,"href":"https:\/\/www.xn--stmarkail-k8a.no\/index.php?rest_route=\/wp\/v2\/pages\/37\/revisions\/496"}],"up":[{"embeddable":true,"href":"https:\/\/www.xn--stmarkail-k8a.no\/index.php?rest_route=\/wp\/v2\/pages\/10"}],"wp:attachment":[{"href":"https:\/\/www.xn--stmarkail-k8a.no\/index.php?rest_route=%2Fwp%2Fv2%2Fmedia&parent=37"}],"curies":[{"name":"wp","href":"https:\/\/api.w.org\/{rel}","templated":true}]}}