{"id":43,"date":"2013-05-07T07:04:49","date_gmt":"2013-05-07T07:04:49","guid":{"rendered":"http:\/\/xn--stmarkail-k8a.no\/?page_id=43"},"modified":"2024-12-13T10:54:42","modified_gmt":"2024-12-13T10:54:42","slug":"meld-deg-inn-i-ostmarka-il","status":"publish","type":"page","link":"https:\/\/www.xn--stmarkail-k8a.no\/?page_id=43","title":{"rendered":"Meld deg inn i \u00d8stmarka IL"},"content":{"rendered":"<p>Vi \u00f8nsker alle hjertelig velkommen til \u00e5 melde seg inn i \u00d8stmarka Idrettslag. For \u00e5 bli medlem m\u00e5 du registrere deg via Norges Idrettsforbund ved \u00e5 trykke p\u00e5 knappen under.<br \/><br \/><\/p>\n<p><strong>\u00c5rspriser:<\/strong><\/p>\n<ul>\n<li>Medlemskap: 100 kr<\/li>\n<li>Familiemedlemskap: 250 kr<br \/><br \/><br \/><\/li>\n<\/ul>\n\n\n<div class=\"wp-block-buttons is-layout-flex wp-block-buttons-is-layout-flex\">\n<div class=\"wp-block-button\"><a class=\"wp-block-button__link\" href=\"https:\/\/medlemskap.nif.no\/Start\/Index\/20410\">Innmelding<\/a><\/div>\n<\/div>\n","protected":false},"excerpt":{"rendered":"<p>Vi \u00f8nsker alle hjertelig velkommen til \u00e5 melde seg inn i \u00d8stmarka Idrettslag. For \u00e5 bli medlem m\u00e5 du registrere deg via Norges Idrettsforbund ved \u00e5 trykke p\u00e5 knappen under. \u00c5rspriser: Medlemskap: 100 kr Familiemedlemskap: 250 kr<\/p>\n","protected":false},"author":1,"featured_media":0,"parent":10,"menu_order":3,"comment_status":"closed","ping_status":"closed","template":"template-fullwidth.php","meta":{"footnotes":""},"class_list":["post-43","page","type-page","status-publish","hentry"],"yoast_head":"<!-- This site is optimized with the Yoast SEO plugin v27.0 - https:\/\/yoast.com\/product\/yoast-seo-wordpress\/ -->\n<title>Meld deg inn i \u00d8stmarka IL - \u00d8stmarka IL<\/title>\n<meta name=\"robots\" content=\"index, follow, max-snippet:-1, max-image-preview:large, max-video-preview:-1\" \/>\n<link rel=\"canonical\" href=\"https:\/\/www.xn--stmarkail-k8a.no\/?page_id=43\" \/>\n<meta property=\"og:locale\" content=\"nb_NO\" \/>\n<meta property=\"og:type\" content=\"article\" \/>\n<meta property=\"og:title\" content=\"Meld deg inn i \u00d8stmarka IL - \u00d8stmarka IL\" \/>\n<meta property=\"og:description\" content=\"Vi \u00f8nsker alle hjertelig velkommen til \u00e5 melde seg inn i \u00d8stmarka Idrettslag. For \u00e5 bli medlem m\u00e5 du registrere deg via Norges Idrettsforbund ved \u00e5 trykke p\u00e5 knappen under. \u00c5rspriser: Medlemskap: 100 kr Familiemedlemskap: 250 kr\" \/>\n<meta property=\"og:url\" content=\"https:\/\/www.xn--stmarkail-k8a.no\/?page_id=43\" \/>\n<meta property=\"og:site_name\" content=\"\u00d8stmarka IL\" \/>\n<meta property=\"article:modified_time\" content=\"2024-12-13T10:54:42+00:00\" \/>\n<meta name=\"twitter:card\" content=\"summary_large_image\" \/>\n<script type=\"application\/ld+json\" class=\"yoast-schema-graph\">{\"@context\":\"https:\/\/schema.org\",\"@graph\":[{\"@type\":\"WebPage\",\"@id\":\"https:\/\/www.xn--stmarkail-k8a.no\/?page_id=43\",\"url\":\"https:\/\/www.xn--stmarkail-k8a.no\/?page_id=43\",\"name\":\"Meld deg inn i \u00d8stmarka IL - \u00d8stmarka IL\",\"isPartOf\":{\"@id\":\"https:\/\/www.xn--stmarkail-k8a.no\/#website\"},\"datePublished\":\"2013-05-07T07:04:49+00:00\",\"dateModified\":\"2024-12-13T10:54:42+00:00\",\"breadcrumb\":{\"@id\":\"https:\/\/www.xn--stmarkail-k8a.no\/?page_id=43#breadcrumb\"},\"inLanguage\":\"nb-NO\",\"potentialAction\":[{\"@type\":\"ReadAction\",\"target\":[\"https:\/\/www.xn--stmarkail-k8a.no\/?page_id=43\"]}]},{\"@type\":\"BreadcrumbList\",\"@id\":\"https:\/\/www.xn--stmarkail-k8a.no\/?page_id=43#breadcrumb\",\"itemListElement\":[{\"@type\":\"ListItem\",\"position\":1,\"name\":\"Hjem\",\"item\":\"https:\/\/www.xn--stmarkail-k8a.no\/\"},{\"@type\":\"ListItem\",\"position\":2,\"name\":\"Om \u00d8stmarka IL\",\"item\":\"https:\/\/www.xn--stmarkail-k8a.no\/?page_id=10\"},{\"@type\":\"ListItem\",\"position\":3,\"name\":\"Meld deg inn i \u00d8stmarka IL\"}]},{\"@type\":\"WebSite\",\"@id\":\"https:\/\/www.xn--stmarkail-k8a.no\/#website\",\"url\":\"https:\/\/www.xn--stmarkail-k8a.no\/\",\"name\":\"\u00d8stmarka IL\",\"description\":\"\",\"potentialAction\":[{\"@type\":\"SearchAction\",\"target\":{\"@type\":\"EntryPoint\",\"urlTemplate\":\"https:\/\/www.xn--stmarkail-k8a.no\/?s={search_term_string}\"},\"query-input\":{\"@type\":\"PropertyValueSpecification\",\"valueRequired\":true,\"valueName\":\"search_term_string\"}}],\"inLanguage\":\"nb-NO\"}]}<\/script>\n<!-- \/ Yoast SEO plugin. -->","yoast_head_json":{"title":"Meld deg inn i \u00d8stmarka IL - \u00d8stmarka IL","robots":{"index":"index","follow":"follow","max-snippet":"max-snippet:-1","max-image-preview":"max-image-preview:large","max-video-preview":"max-video-preview:-1"},"canonical":"https:\/\/www.xn--stmarkail-k8a.no\/?page_id=43","og_locale":"nb_NO","og_type":"article","og_title":"Meld deg inn i \u00d8stmarka IL - \u00d8stmarka IL","og_description":"Vi \u00f8nsker alle hjertelig velkommen til \u00e5 melde seg inn i \u00d8stmarka Idrettslag. For \u00e5 bli medlem m\u00e5 du registrere deg via Norges Idrettsforbund ved \u00e5 trykke p\u00e5 knappen under. \u00c5rspriser: Medlemskap: 100 kr Familiemedlemskap: 250 kr","og_url":"https:\/\/www.xn--stmarkail-k8a.no\/?page_id=43","og_site_name":"\u00d8stmarka IL","article_modified_time":"2024-12-13T10:54:42+00:00","twitter_card":"summary_large_image","schema":{"@context":"https:\/\/schema.org","@graph":[{"@type":"WebPage","@id":"https:\/\/www.xn--stmarkail-k8a.no\/?page_id=43","url":"https:\/\/www.xn--stmarkail-k8a.no\/?page_id=43","name":"Meld deg inn i \u00d8stmarka IL - \u00d8stmarka IL","isPartOf":{"@id":"https:\/\/www.xn--stmarkail-k8a.no\/#website"},"datePublished":"2013-05-07T07:04:49+00:00","dateModified":"2024-12-13T10:54:42+00:00","breadcrumb":{"@id":"https:\/\/www.xn--stmarkail-k8a.no\/?page_id=43#breadcrumb"},"inLanguage":"nb-NO","potentialAction":[{"@type":"ReadAction","target":["https:\/\/www.xn--stmarkail-k8a.no\/?page_id=43"]}]},{"@type":"BreadcrumbList","@id":"https:\/\/www.xn--stmarkail-k8a.no\/?page_id=43#breadcrumb","itemListElement":[{"@type":"ListItem","position":1,"name":"Hjem","item":"https:\/\/www.xn--stmarkail-k8a.no\/"},{"@type":"ListItem","position":2,"name":"Om \u00d8stmarka IL","item":"https:\/\/www.xn--stmarkail-k8a.no\/?page_id=10"},{"@type":"ListItem","position":3,"name":"Meld deg inn i \u00d8stmarka IL"}]},{"@type":"WebSite","@id":"https:\/\/www.xn--stmarkail-k8a.no\/#website","url":"https:\/\/www.xn--stmarkail-k8a.no\/","name":"\u00d8stmarka IL","description":"","potentialAction":[{"@type":"SearchAction","target":{"@type":"EntryPoint","urlTemplate":"https:\/\/www.xn--stmarkail-k8a.no\/?s={search_term_string}"},"query-input":{"@type":"PropertyValueSpecification","valueRequired":true,"valueName":"search_term_string"}}],"inLanguage":"nb-NO"}]}},"_links":{"self":[{"href":"https:\/\/www.xn--stmarkail-k8a.no\/index.php?rest_route=\/wp\/v2\/pages\/43","targetHints":{"allow":["GET"]}}],"collection":[{"href":"https:\/\/www.xn--stmarkail-k8a.no\/index.php?rest_route=\/wp\/v2\/pages"}],"about":[{"href":"https:\/\/www.xn--stmarkail-k8a.no\/index.php?rest_route=\/wp\/v2\/types\/page"}],"author":[{"embeddable":true,"href":"https:\/\/www.xn--stmarkail-k8a.no\/index.php?rest_route=\/wp\/v2\/users\/1"}],"replies":[{"embeddable":true,"href":"https:\/\/www.xn--stmarkail-k8a.no\/index.php?rest_route=%2Fwp%2Fv2%2Fcomments&post=43"}],"version-history":[{"count":6,"href":"https:\/\/www.xn--stmarkail-k8a.no\/index.php?rest_route=\/wp\/v2\/pages\/43\/revisions"}],"predecessor-version":[{"id":501,"href":"https:\/\/www.xn--stmarkail-k8a.no\/index.php?rest_route=\/wp\/v2\/pages\/43\/revisions\/501"}],"up":[{"embeddable":true,"href":"https:\/\/www.xn--stmarkail-k8a.no\/index.php?rest_route=\/wp\/v2\/pages\/10"}],"wp:attachment":[{"href":"https:\/\/www.xn--stmarkail-k8a.no\/index.php?rest_route=%2Fwp%2Fv2%2Fmedia&parent=43"}],"curies":[{"name":"wp","href":"https:\/\/api.w.org\/{rel}","templated":true}]}}