{"id":9,"date":"2013-05-02T09:53:27","date_gmt":"2013-05-02T09:53:27","guid":{"rendered":"http:\/\/xn--stmarkail-k8a.no\/?page_id=9"},"modified":"2026-02-23T16:07:18","modified_gmt":"2026-02-23T15:07:18","slug":"styret","status":"publish","type":"page","link":"https:\/\/www.xn--stmarkail-k8a.no\/?page_id=9","title":{"rendered":"Styret"},"content":{"rendered":"\n<p>\u00d8stmarka Idrettslag ble stiftet November 1993<\/p>\n\n\n\n<div class=\"wp-block-buttons is-layout-flex wp-block-buttons-is-layout-flex\">\n<div class=\"wp-block-button\"><a class=\"wp-block-button__link wp-element-button\" href=\"https:\/\/www.xn--stmarkail-k8a.no\/?page_id=410\">Historikk<\/a><\/div>\n\n\n\n<div class=\"wp-block-button\"><a class=\"wp-block-button__link wp-element-button\" href=\"https:\/\/www.xn--stmarkail-k8a.no\/?page_id=569\">Utmerkelser &amp; Verv<\/a><\/div>\n<\/div>\n\n\n\n<div style=\"height:100px\" aria-hidden=\"true\" class=\"wp-block-spacer\"><\/div>\n\n\n\n<div class=\"wp-block-media-text is-stacked-on-mobile\" style=\"grid-template-columns:15% auto\"><figure class=\"wp-block-media-text__media\"><img loading=\"lazy\" decoding=\"async\" width=\"731\" height=\"1024\" src=\"https:\/\/www.xn--stmarkail-k8a.no\/wp-content\/uploads\/2025\/11\/DSC03072-731x1024.jpeg\" alt=\"\" class=\"wp-image-610 size-full\" srcset=\"https:\/\/www.xn--stmarkail-k8a.no\/wp-content\/uploads\/2025\/11\/DSC03072-731x1024.jpeg 731w, https:\/\/www.xn--stmarkail-k8a.no\/wp-content\/uploads\/2025\/11\/DSC03072-214x300.jpeg 214w, https:\/\/www.xn--stmarkail-k8a.no\/wp-content\/uploads\/2025\/11\/DSC03072-768x1075.jpeg 768w, https:\/\/www.xn--stmarkail-k8a.no\/wp-content\/uploads\/2025\/11\/DSC03072-1097x1536.jpeg 1097w, https:\/\/www.xn--stmarkail-k8a.no\/wp-content\/uploads\/2025\/11\/DSC03072-1463x2048.jpeg 1463w, https:\/\/www.xn--stmarkail-k8a.no\/wp-content\/uploads\/2025\/11\/DSC03072-193x270.jpeg 193w, https:\/\/www.xn--stmarkail-k8a.no\/wp-content\/uploads\/2025\/11\/DSC03072-scaled.jpeg 1828w\" sizes=\"auto, (max-width: 731px) 100vw, 731px\" \/><\/figure><div class=\"wp-block-media-text__content\">\n<p><strong>Vidar B\u00f8e<\/strong><\/p>\n\n\n\n<p>Leder &#8211; <a href=\"mailto:leder@ostmarkail.no\">vb.frasparket@gmail.com<\/a><\/p>\n<\/div><\/div>\n\n\n\n<div class=\"wp-block-media-text is-stacked-on-mobile\" style=\"grid-template-columns:15% auto\"><figure class=\"wp-block-media-text__media\"><img loading=\"lazy\" decoding=\"async\" width=\"731\" height=\"1024\" src=\"https:\/\/www.xn--stmarkail-k8a.no\/wp-content\/uploads\/2025\/11\/DSC03061-731x1024.jpeg\" alt=\"\" class=\"wp-image-609 size-full\" srcset=\"https:\/\/www.xn--stmarkail-k8a.no\/wp-content\/uploads\/2025\/11\/DSC03061-731x1024.jpeg 731w, https:\/\/www.xn--stmarkail-k8a.no\/wp-content\/uploads\/2025\/11\/DSC03061-214x300.jpeg 214w, https:\/\/www.xn--stmarkail-k8a.no\/wp-content\/uploads\/2025\/11\/DSC03061-768x1075.jpeg 768w, https:\/\/www.xn--stmarkail-k8a.no\/wp-content\/uploads\/2025\/11\/DSC03061-1097x1536.jpeg 1097w, https:\/\/www.xn--stmarkail-k8a.no\/wp-content\/uploads\/2025\/11\/DSC03061-1463x2048.jpeg 1463w, https:\/\/www.xn--stmarkail-k8a.no\/wp-content\/uploads\/2025\/11\/DSC03061-193x270.jpeg 193w, https:\/\/www.xn--stmarkail-k8a.no\/wp-content\/uploads\/2025\/11\/DSC03061-scaled.jpeg 1828w\" sizes=\"auto, (max-width: 731px) 100vw, 731px\" \/><\/figure><div class=\"wp-block-media-text__content\">\n<p><strong>Sauvuer Chichirillo<\/strong><\/p>\n\n\n\n<p>Nestleder &#8211; <a href=\"mailto:sauveuc@hotmail.com\" data-type=\"mailto\" data-id=\"mailto:sauveuc@hotmail.com\">sauveuc@hotmail.com<\/a><\/p>\n<\/div><\/div>\n\n\n\n<div class=\"wp-block-media-text is-stacked-on-mobile\" style=\"grid-template-columns:15% auto\"><figure class=\"wp-block-media-text__media\"><img loading=\"lazy\" decoding=\"async\" width=\"731\" height=\"1024\" src=\"https:\/\/www.xn--stmarkail-k8a.no\/wp-content\/uploads\/2025\/11\/DSC03064-731x1024.jpeg\" alt=\"\" class=\"wp-image-608 size-full\" srcset=\"https:\/\/www.xn--stmarkail-k8a.no\/wp-content\/uploads\/2025\/11\/DSC03064-731x1024.jpeg 731w, https:\/\/www.xn--stmarkail-k8a.no\/wp-content\/uploads\/2025\/11\/DSC03064-214x300.jpeg 214w, https:\/\/www.xn--stmarkail-k8a.no\/wp-content\/uploads\/2025\/11\/DSC03064-768x1075.jpeg 768w, https:\/\/www.xn--stmarkail-k8a.no\/wp-content\/uploads\/2025\/11\/DSC03064-1097x1536.jpeg 1097w, https:\/\/www.xn--stmarkail-k8a.no\/wp-content\/uploads\/2025\/11\/DSC03064-1463x2048.jpeg 1463w, https:\/\/www.xn--stmarkail-k8a.no\/wp-content\/uploads\/2025\/11\/DSC03064-193x270.jpeg 193w, https:\/\/www.xn--stmarkail-k8a.no\/wp-content\/uploads\/2025\/11\/DSC03064-scaled.jpeg 1829w\" sizes=\"auto, (max-width: 731px) 100vw, 731px\" \/><\/figure><div class=\"wp-block-media-text__content\">\n<p><strong>Villy Mydland<\/strong><\/p>\n\n\n\n<p>\u00d8konomi &#8211; <a href=\"mailto:villy.mydland@gmail.com\" data-type=\"mailto\" data-id=\"mailto:villy.mydland@gmail.com\">villy.mydland@gmail.com<\/a><\/p>\n<\/div><\/div>\n\n\n\n<div class=\"wp-block-media-text is-stacked-on-mobile\" style=\"grid-template-columns:15% auto\"><figure class=\"wp-block-media-text__media\"><img loading=\"lazy\" decoding=\"async\" width=\"819\" height=\"1024\" src=\"https:\/\/www.xn--stmarkail-k8a.no\/wp-content\/uploads\/2025\/11\/DSC03059-819x1024.jpeg\" alt=\"\" class=\"wp-image-607 size-full\" srcset=\"https:\/\/www.xn--stmarkail-k8a.no\/wp-content\/uploads\/2025\/11\/DSC03059-819x1024.jpeg 819w, https:\/\/www.xn--stmarkail-k8a.no\/wp-content\/uploads\/2025\/11\/DSC03059-240x300.jpeg 240w, https:\/\/www.xn--stmarkail-k8a.no\/wp-content\/uploads\/2025\/11\/DSC03059-768x960.jpeg 768w, https:\/\/www.xn--stmarkail-k8a.no\/wp-content\/uploads\/2025\/11\/DSC03059-1229x1536.jpeg 1229w, https:\/\/www.xn--stmarkail-k8a.no\/wp-content\/uploads\/2025\/11\/DSC03059-1639x2048.jpeg 1639w, https:\/\/www.xn--stmarkail-k8a.no\/wp-content\/uploads\/2025\/11\/DSC03059-216x270.jpeg 216w, https:\/\/www.xn--stmarkail-k8a.no\/wp-content\/uploads\/2025\/11\/DSC03059-scaled.jpeg 2048w\" sizes=\"auto, (max-width: 819px) 100vw, 819px\" \/><\/figure><div class=\"wp-block-media-text__content\">\n<p><strong>Rigmor S\u00e6b\u00f8<\/strong><\/p>\n\n\n\n<p>Styremedlem &#8211; <a href=\"mailto:rigmor.sabo@gmail.com\">rigmor.sabo@gmail.com<\/a><\/p>\n<\/div><\/div>\n\n\n\n<div class=\"wp-block-media-text is-stacked-on-mobile\" style=\"grid-template-columns:15% auto\"><figure class=\"wp-block-media-text__media\"><img loading=\"lazy\" decoding=\"async\" width=\"731\" height=\"1024\" src=\"https:\/\/www.xn--stmarkail-k8a.no\/wp-content\/uploads\/2025\/11\/DSC03066-731x1024.jpeg\" alt=\"\" class=\"wp-image-606 size-full\" srcset=\"https:\/\/www.xn--stmarkail-k8a.no\/wp-content\/uploads\/2025\/11\/DSC03066-731x1024.jpeg 731w, https:\/\/www.xn--stmarkail-k8a.no\/wp-content\/uploads\/2025\/11\/DSC03066-214x300.jpeg 214w, https:\/\/www.xn--stmarkail-k8a.no\/wp-content\/uploads\/2025\/11\/DSC03066-768x1075.jpeg 768w, https:\/\/www.xn--stmarkail-k8a.no\/wp-content\/uploads\/2025\/11\/DSC03066-1097x1536.jpeg 1097w, https:\/\/www.xn--stmarkail-k8a.no\/wp-content\/uploads\/2025\/11\/DSC03066-1463x2048.jpeg 1463w, https:\/\/www.xn--stmarkail-k8a.no\/wp-content\/uploads\/2025\/11\/DSC03066-193x270.jpeg 193w, https:\/\/www.xn--stmarkail-k8a.no\/wp-content\/uploads\/2025\/11\/DSC03066-scaled.jpeg 1829w\" sizes=\"auto, (max-width: 731px) 100vw, 731px\" \/><\/figure><div class=\"wp-block-media-text__content\">\n<p><strong>Benjamin Borge<\/strong><\/p>\n\n\n\n<p>IT ansvarlig &#8211; <a href=\"mailto:multiib@icloud.com\">multiib@icloud.com<\/a><\/p>\n<\/div><\/div>\n\n\n\n<div class=\"wp-block-media-text is-stacked-on-mobile\" style=\"grid-template-columns:15% auto\"><figure class=\"wp-block-media-text__media\"><img loading=\"lazy\" decoding=\"async\" width=\"731\" height=\"1024\" src=\"https:\/\/www.xn--stmarkail-k8a.no\/wp-content\/uploads\/2025\/11\/DSC03070-731x1024.jpeg\" alt=\"\" class=\"wp-image-605 size-full\" srcset=\"https:\/\/www.xn--stmarkail-k8a.no\/wp-content\/uploads\/2025\/11\/DSC03070-731x1024.jpeg 731w, https:\/\/www.xn--stmarkail-k8a.no\/wp-content\/uploads\/2025\/11\/DSC03070-214x300.jpeg 214w, https:\/\/www.xn--stmarkail-k8a.no\/wp-content\/uploads\/2025\/11\/DSC03070-768x1075.jpeg 768w, https:\/\/www.xn--stmarkail-k8a.no\/wp-content\/uploads\/2025\/11\/DSC03070-1097x1536.jpeg 1097w, https:\/\/www.xn--stmarkail-k8a.no\/wp-content\/uploads\/2025\/11\/DSC03070-1463x2048.jpeg 1463w, https:\/\/www.xn--stmarkail-k8a.no\/wp-content\/uploads\/2025\/11\/DSC03070-193x270.jpeg 193w, https:\/\/www.xn--stmarkail-k8a.no\/wp-content\/uploads\/2025\/11\/DSC03070-scaled.jpeg 1828w\" sizes=\"auto, (max-width: 731px) 100vw, 731px\" \/><\/figure><div class=\"wp-block-media-text__content\">\n<p><strong>Caroline Borge<\/strong><\/p>\n\n\n\n<p>Integrering &#8211; <a href=\"mailto:caroline.borge@icloud.com\" data-type=\"mailto\" data-id=\"mailto:caroline.borge@icloud.com\">caroline.borge@icloud.com<\/a><\/p>\n<\/div><\/div>\n\n\n\n<p><\/p>\n","protected":false},"excerpt":{"rendered":"<p>\u00d8stmarka Idrettslag ble stiftet November 1993 Vidar B\u00f8e Leder &#8211; vb.frasparket@gmail.com Sauvuer Chichirillo Nestleder &#8211; sauveuc@hotmail.com Villy Mydland \u00d8konomi &#8211; villy.mydland@gmail.com Rigmor S\u00e6b\u00f8 Styremedlem &#8211; rigmor.sabo@gmail.com Benjamin Borge IT ansvarlig &#8211; multiib@icloud.com Caroline Borge Integrering &#8211; caroline.borge@icloud.com<\/p>\n","protected":false},"author":1,"featured_media":0,"parent":10,"menu_order":2,"comment_status":"open","ping_status":"open","template":"","meta":{"footnotes":""},"class_list":["post-9","page","type-page","status-publish","hentry"],"yoast_head":"<!-- This site is optimized with the Yoast SEO plugin v27.0 - https:\/\/yoast.com\/product\/yoast-seo-wordpress\/ -->\n<title>Styret - \u00d8stmarka IL<\/title>\n<meta name=\"robots\" content=\"noindex, nofollow\" \/>\n<meta property=\"og:locale\" content=\"nb_NO\" \/>\n<meta property=\"og:type\" content=\"article\" \/>\n<meta property=\"og:title\" content=\"Styret - \u00d8stmarka IL\" \/>\n<meta property=\"og:description\" content=\"\u00d8stmarka Idrettslag ble stiftet November 1993 Vidar B\u00f8e Leder &#8211; vb.frasparket@gmail.com Sauvuer Chichirillo Nestleder &#8211; sauveuc@hotmail.com Villy Mydland \u00d8konomi &#8211; villy.mydland@gmail.com Rigmor S\u00e6b\u00f8 Styremedlem &#8211; rigmor.sabo@gmail.com Benjamin Borge IT ansvarlig &#8211; multiib@icloud.com Caroline Borge Integrering &#8211; caroline.borge@icloud.com\" \/>\n<meta property=\"og:url\" content=\"https:\/\/www.xn--stmarkail-k8a.no\/?page_id=9\" \/>\n<meta property=\"og:site_name\" content=\"\u00d8stmarka IL\" \/>\n<meta property=\"article:modified_time\" content=\"2026-02-23T15:07:18+00:00\" \/>\n<meta property=\"og:image\" content=\"https:\/\/www.xn--stmarkail-k8a.no\/wp-content\/uploads\/2025\/11\/DSC03072-scaled.jpeg\" \/>\n\t<meta property=\"og:image:width\" content=\"1828\" \/>\n\t<meta property=\"og:image:height\" content=\"2560\" \/>\n\t<meta property=\"og:image:type\" content=\"image\/jpeg\" \/>\n<meta name=\"twitter:card\" content=\"summary_large_image\" \/>\n<meta name=\"twitter:label1\" content=\"Ansl. lesetid\" \/>\n\t<meta name=\"twitter:data1\" content=\"2 minutter\" \/>\n<script type=\"application\/ld+json\" class=\"yoast-schema-graph\">{\"@context\":\"https:\/\/schema.org\",\"@graph\":[{\"@type\":\"WebPage\",\"@id\":\"https:\/\/www.xn--stmarkail-k8a.no\/?page_id=9\",\"url\":\"https:\/\/www.xn--stmarkail-k8a.no\/?page_id=9\",\"name\":\"Styret - \u00d8stmarka IL\",\"isPartOf\":{\"@id\":\"https:\/\/www.xn--stmarkail-k8a.no\/#website\"},\"primaryImageOfPage\":{\"@id\":\"https:\/\/www.xn--stmarkail-k8a.no\/?page_id=9#primaryimage\"},\"image\":{\"@id\":\"https:\/\/www.xn--stmarkail-k8a.no\/?page_id=9#primaryimage\"},\"thumbnailUrl\":\"https:\/\/www.xn--stmarkail-k8a.no\/wp-content\/uploads\/2025\/11\/DSC03072-731x1024.jpeg\",\"datePublished\":\"2013-05-02T09:53:27+00:00\",\"dateModified\":\"2026-02-23T15:07:18+00:00\",\"breadcrumb\":{\"@id\":\"https:\/\/www.xn--stmarkail-k8a.no\/?page_id=9#breadcrumb\"},\"inLanguage\":\"nb-NO\",\"potentialAction\":[{\"@type\":\"ReadAction\",\"target\":[\"https:\/\/www.xn--stmarkail-k8a.no\/?page_id=9\"]}]},{\"@type\":\"ImageObject\",\"inLanguage\":\"nb-NO\",\"@id\":\"https:\/\/www.xn--stmarkail-k8a.no\/?page_id=9#primaryimage\",\"url\":\"https:\/\/www.xn--stmarkail-k8a.no\/wp-content\/uploads\/2025\/11\/DSC03072-scaled.jpeg\",\"contentUrl\":\"https:\/\/www.xn--stmarkail-k8a.no\/wp-content\/uploads\/2025\/11\/DSC03072-scaled.jpeg\",\"width\":1828,\"height\":2560},{\"@type\":\"BreadcrumbList\",\"@id\":\"https:\/\/www.xn--stmarkail-k8a.no\/?page_id=9#breadcrumb\",\"itemListElement\":[{\"@type\":\"ListItem\",\"position\":1,\"name\":\"Hjem\",\"item\":\"https:\/\/www.xn--stmarkail-k8a.no\/\"},{\"@type\":\"ListItem\",\"position\":2,\"name\":\"Om \u00d8stmarka IL\",\"item\":\"https:\/\/www.xn--stmarkail-k8a.no\/?page_id=10\"},{\"@type\":\"ListItem\",\"position\":3,\"name\":\"Styret\"}]},{\"@type\":\"WebSite\",\"@id\":\"https:\/\/www.xn--stmarkail-k8a.no\/#website\",\"url\":\"https:\/\/www.xn--stmarkail-k8a.no\/\",\"name\":\"\u00d8stmarka IL\",\"description\":\"\",\"potentialAction\":[{\"@type\":\"SearchAction\",\"target\":{\"@type\":\"EntryPoint\",\"urlTemplate\":\"https:\/\/www.xn--stmarkail-k8a.no\/?s={search_term_string}\"},\"query-input\":{\"@type\":\"PropertyValueSpecification\",\"valueRequired\":true,\"valueName\":\"search_term_string\"}}],\"inLanguage\":\"nb-NO\"}]}<\/script>\n<!-- \/ Yoast SEO plugin. -->","yoast_head_json":{"title":"Styret - \u00d8stmarka IL","robots":{"index":"noindex","follow":"nofollow"},"og_locale":"nb_NO","og_type":"article","og_title":"Styret - \u00d8stmarka IL","og_description":"\u00d8stmarka Idrettslag ble stiftet November 1993 Vidar B\u00f8e Leder &#8211; vb.frasparket@gmail.com Sauvuer Chichirillo Nestleder &#8211; sauveuc@hotmail.com Villy Mydland \u00d8konomi &#8211; villy.mydland@gmail.com Rigmor S\u00e6b\u00f8 Styremedlem &#8211; rigmor.sabo@gmail.com Benjamin Borge IT ansvarlig &#8211; multiib@icloud.com Caroline Borge Integrering &#8211; caroline.borge@icloud.com","og_url":"https:\/\/www.xn--stmarkail-k8a.no\/?page_id=9","og_site_name":"\u00d8stmarka IL","article_modified_time":"2026-02-23T15:07:18+00:00","og_image":[{"width":1828,"height":2560,"url":"https:\/\/www.xn--stmarkail-k8a.no\/wp-content\/uploads\/2025\/11\/DSC03072-scaled.jpeg","type":"image\/jpeg"}],"twitter_card":"summary_large_image","twitter_misc":{"Ansl. lesetid":"2 minutter"},"schema":{"@context":"https:\/\/schema.org","@graph":[{"@type":"WebPage","@id":"https:\/\/www.xn--stmarkail-k8a.no\/?page_id=9","url":"https:\/\/www.xn--stmarkail-k8a.no\/?page_id=9","name":"Styret - \u00d8stmarka IL","isPartOf":{"@id":"https:\/\/www.xn--stmarkail-k8a.no\/#website"},"primaryImageOfPage":{"@id":"https:\/\/www.xn--stmarkail-k8a.no\/?page_id=9#primaryimage"},"image":{"@id":"https:\/\/www.xn--stmarkail-k8a.no\/?page_id=9#primaryimage"},"thumbnailUrl":"https:\/\/www.xn--stmarkail-k8a.no\/wp-content\/uploads\/2025\/11\/DSC03072-731x1024.jpeg","datePublished":"2013-05-02T09:53:27+00:00","dateModified":"2026-02-23T15:07:18+00:00","breadcrumb":{"@id":"https:\/\/www.xn--stmarkail-k8a.no\/?page_id=9#breadcrumb"},"inLanguage":"nb-NO","potentialAction":[{"@type":"ReadAction","target":["https:\/\/www.xn--stmarkail-k8a.no\/?page_id=9"]}]},{"@type":"ImageObject","inLanguage":"nb-NO","@id":"https:\/\/www.xn--stmarkail-k8a.no\/?page_id=9#primaryimage","url":"https:\/\/www.xn--stmarkail-k8a.no\/wp-content\/uploads\/2025\/11\/DSC03072-scaled.jpeg","contentUrl":"https:\/\/www.xn--stmarkail-k8a.no\/wp-content\/uploads\/2025\/11\/DSC03072-scaled.jpeg","width":1828,"height":2560},{"@type":"BreadcrumbList","@id":"https:\/\/www.xn--stmarkail-k8a.no\/?page_id=9#breadcrumb","itemListElement":[{"@type":"ListItem","position":1,"name":"Hjem","item":"https:\/\/www.xn--stmarkail-k8a.no\/"},{"@type":"ListItem","position":2,"name":"Om \u00d8stmarka IL","item":"https:\/\/www.xn--stmarkail-k8a.no\/?page_id=10"},{"@type":"ListItem","position":3,"name":"Styret"}]},{"@type":"WebSite","@id":"https:\/\/www.xn--stmarkail-k8a.no\/#website","url":"https:\/\/www.xn--stmarkail-k8a.no\/","name":"\u00d8stmarka IL","description":"","potentialAction":[{"@type":"SearchAction","target":{"@type":"EntryPoint","urlTemplate":"https:\/\/www.xn--stmarkail-k8a.no\/?s={search_term_string}"},"query-input":{"@type":"PropertyValueSpecification","valueRequired":true,"valueName":"search_term_string"}}],"inLanguage":"nb-NO"}]}},"_links":{"self":[{"href":"https:\/\/www.xn--stmarkail-k8a.no\/index.php?rest_route=\/wp\/v2\/pages\/9","targetHints":{"allow":["GET"]}}],"collection":[{"href":"https:\/\/www.xn--stmarkail-k8a.no\/index.php?rest_route=\/wp\/v2\/pages"}],"about":[{"href":"https:\/\/www.xn--stmarkail-k8a.no\/index.php?rest_route=\/wp\/v2\/types\/page"}],"author":[{"embeddable":true,"href":"https:\/\/www.xn--stmarkail-k8a.no\/index.php?rest_route=\/wp\/v2\/users\/1"}],"replies":[{"embeddable":true,"href":"https:\/\/www.xn--stmarkail-k8a.no\/index.php?rest_route=%2Fwp%2Fv2%2Fcomments&post=9"}],"version-history":[{"count":21,"href":"https:\/\/www.xn--stmarkail-k8a.no\/index.php?rest_route=\/wp\/v2\/pages\/9\/revisions"}],"predecessor-version":[{"id":668,"href":"https:\/\/www.xn--stmarkail-k8a.no\/index.php?rest_route=\/wp\/v2\/pages\/9\/revisions\/668"}],"up":[{"embeddable":true,"href":"https:\/\/www.xn--stmarkail-k8a.no\/index.php?rest_route=\/wp\/v2\/pages\/10"}],"wp:attachment":[{"href":"https:\/\/www.xn--stmarkail-k8a.no\/index.php?rest_route=%2Fwp%2Fv2%2Fmedia&parent=9"}],"curies":[{"name":"wp","href":"https:\/\/api.w.org\/{rel}","templated":true}]}}